{"id":1523,"date":"2024-03-12T12:16:58","date_gmt":"2024-03-12T15:16:58","guid":{"rendered":"https:\/\/prosustentia.com\/specific-consultancy-services-sustainable-solutions\/"},"modified":"2025-12-16T11:41:22","modified_gmt":"2025-12-16T14:41:22","slug":"specific-consultancy-services-sustainable-solutions","status":"publish","type":"page","link":"https:\/\/prosustentia.com\/en\/specific-consultancy-services-sustainable-solutions\/","title":{"rendered":"Specialized Consulting &#8211; Environmental Solutions"},"content":{"rendered":"<section class=\"l-section wpb_row height_huge color_primary with_img parallax_ver\"><div class=\"l-section-img\" role=\"img\" aria-label=\"Image\" data-img-width=\"1920\" data-img-height=\"900\" style=\"background-image: url(https:\/\/prosustentia.com\/wp-content\/uploads\/2021\/10\/prosustentia_consultorias_especificas_bg_v2.jpg);background-repeat: no-repeat;\"><\/div><div class=\"l-section-overlay\" style=\"background:rgba(45,91,86,0.20)\"><\/div><div class=\"l-section-h i-cf\"><div class=\"g-cols vc_row via_flex valign_top type_default stacking_default\"><div class=\"vc_col-sm-9 wpb_column vc_column_container\"><div class=\"vc_column-inner\"><div class=\"wpb_wrapper\"><h1 class=\"w-post-elm post_title us_custom_8b3d6790 has_text_color entry-title color_link_inherit\">Specialized Consulting &#8211; Environmental Solutions<\/h1><\/div><\/div><\/div><div class=\"vc_col-sm-3 wpb_column vc_column_container\"><div class=\"vc_column-inner\"><div class=\"wpb_wrapper\"><\/div><\/div><\/div><\/div><\/div><\/section><section class=\"l-section wpb_row us_custom_a86b3577 height_medium\"><div class=\"l-section-h i-cf\"><div class=\"g-cols vc_row via_flex valign_top type_default stacking_default\"><div class=\"vc_col-sm-12 wpb_column vc_column_container\"><div class=\"vc_column-inner\"><div class=\"wpb_wrapper\">[vc_custom_heading text=&#8221;The new global context, governed by restrictions on greenhouse gas emissions, presents new challenges to organizations. At ProSustentia, we provide guidance to these organizations in defining the best strategy to address these challenges&#8221; font_container=&#8221;tag:h3|text_align:left&#8221; use_theme_fonts=&#8221;yes&#8221;]<\/div><\/div><\/div><\/div><\/div><\/section><section class=\"l-section wpb_row us_custom_a86b3577 height_medium color_alternate\"><div class=\"l-section-h i-cf\"><div class=\"g-cols vc_row via_flex valign_top type_default stacking_default\"><div class=\"vc_col-sm-12 wpb_column vc_column_container\"><div class=\"vc_column-inner\"><div class=\"wpb_wrapper\">[vc_custom_heading text=&#8221;Climate change&#8221; font_container=&#8221;tag:h3|text_align:left&#8221; use_theme_fonts=&#8221;yes&#8221; css=&#8221;%7B%22default%22%3A%7B%22color%22%3A%22_content_link%22%7D%7D&#8221;]<div class=\"wpb_text_column us_custom_0f088a09 has_text_color\"><div class=\"wpb_wrapper\"><ul>\n<li>Development and Management of Mitigation Project Portfolio for Investors (identification of potential projects in strategic sectors).<\/li>\n<li>Design and implementation of monitoring, accounting, and emissions reduction marketing platforms.<\/li>\n<li>Development of carbon measurement and accounting protocols\/methodologies.<\/li>\n<li>Analysis and various studies on the carbon market, regulatory and institutional framework, climate policies, among others.<\/li>\n<li>Climate vulnerability and threat analysis.<\/li>\n<li>Climate change adaptation and resilience plans.<\/li>\n<\/ul>\n<\/div><\/div>[vc_custom_heading text=&#8221;Renewable Energy strategies&#8221; font_container=&#8221;tag:h3|text_align:left&#8221; use_theme_fonts=&#8221;yes&#8221; css=&#8221;%7B%22default%22%3A%7B%22color%22%3A%22_content_link%22%7D%7D&#8221;]<div class=\"wpb_text_column us_custom_0f088a09 has_text_color\"><div class=\"wpb_wrapper\"><ul>\n<li>Technical, economic, and environmental due diligence for financial institutions on renewable energy and bioenergy projects.<\/li>\n<\/ul>\n<\/div><\/div><\/div><\/div><\/div><\/div><\/div><\/section><section class=\"l-section wpb_row us_custom_974130a3 height_auto\"><div class=\"l-section-h i-cf\"><div class=\"g-cols vc_row via_flex valign_top type_default stacking_default\"><div class=\"vc_col-sm-12 wpb_column vc_column_container\"><div class=\"vc_column-inner\"><div class=\"wpb_wrapper\"><div class=\"w-separator size_custom\" style=\"height:64px\"><\/div><h3 class=\"w-text\"><span class=\"w-text-h\"><span class=\"w-text-value\">Some of our Decarbonization Strategy and Carbon Footprint Projects<\/span><\/span><\/h3><div class=\"w-separator size_custom\" style=\"height:16px\"><\/div><div class=\"w-grid us_post_list type_grid layout_portfolio_9 hidden cols_3 pagination_load_on_scroll preload_style_spinner with_css_animation ratio_1x1\" id=\"us_post_list_h192\" style=\"--columns:3;--gap:0.3rem;--item-ratio:1;\"><style>@media (max-width:1024px){#us_post_list_h192{--columns:2!important}}@media (max-width:600px){#us_post_list_h192{--columns:1!important}}.layout_portfolio_9 .w-grid-item-h{}.layout_portfolio_9 .usg_post_image_1{transition-duration:0.4s;transform-origin:50% 50%;transform:scale(1) translate(0%,0%)}.layout_portfolio_9 .w-grid-item-h:focus-within .usg_post_image_1,.layout_portfolio_9 .w-grid-item-h:hover .usg_post_image_1{transform:scale(4) translate(0%,0%);opacity:0}.layout_portfolio_9 .usg_vwrapper_1{transition-duration:0.5s;transform-origin:50% 50%;transform:scale(0) translate(0%,0%)}.layout_portfolio_9 .w-grid-item-h:focus-within .usg_vwrapper_1,.layout_portfolio_9 .w-grid-item-h:hover .usg_vwrapper_1{transform:scale(1) translate(0%,0%);opacity:1}.layout_portfolio_9 .usg_post_image_1{position:absolute!important;top:0!important;right:0!important;bottom:0!important;left:0!important}.layout_portfolio_9 .usg_vwrapper_1{position:absolute!important;top:0!important;right:0!important;bottom:0!important;left:0!important;padding:2rem!important}.layout_portfolio_9 .usg_post_title_1{color:inherit!important;font-size:1.4rem!important}<\/style><div class=\"w-grid-list\"><\/div><div class=\"g-loadmore hidden\"><div class=\"g-preloader type_1\"><div><\/div><\/div><\/div><div class=\"w-grid-list-json hidden\" onclick='return {&quot;max_num_pages&quot;:0,&quot;paginationBase&quot;:&quot;page&quot;,&quot;pagination&quot;:&quot;load_on_scroll&quot;,&quot;paged&quot;:1,&quot;ajaxData&quot;:{&quot;action&quot;:&quot;us_ajax_post_list&quot;,&quot;meta_type&quot;:&quot;post&quot;,&quot;object_id&quot;:0,&quot;template_vars&quot;:{&quot;shortcode_base&quot;:&quot;us_post_list&quot;,&quot;paged&quot;:1,&quot;max_num_pages&quot;:0,&quot;no_results&quot;:true,&quot;us_post_content_design_css&quot;:[],&quot;found_posts&quot;:0,&quot;items_count&quot;:0,&quot;source&quot;:&quot;all&quot;,&quot;ids&quot;:&quot;&quot;,&quot;post_type&quot;:&quot;us_portfolio&quot;,&quot;attachment_ids&quot;:null,&quot;include_post_thumbnail&quot;:0,&quot;post_author&quot;:&quot;any&quot;,&quot;post_author_ids&quot;:&quot;&quot;,&quot;apply_url_params&quot;:0,&quot;ignore_sticky_posts&quot;:1,&quot;exclude_children&quot;:0,&quot;exclude_current_post&quot;:&quot;0&quot;,&quot;exclude_prev_posts&quot;:0,&quot;exclude_past_events&quot;:0,&quot;enable_items_offset&quot;:0,&quot;items_offset&quot;:&quot;1&quot;,&quot;tax_query_relation&quot;:&quot;OR&quot;,&quot;tax_query&quot;:&quot;%5B%7B%22operator%22%3A%22IN%22%2C%22taxonomy%22%3A%22us_portfolio_tag%22%2C%22terms%22%3A%22102%22%2C%22include_children%22%3A%220%22%7D%5D&quot;,&quot;meta_query_relation&quot;:&quot;none&quot;,&quot;meta_query&quot;:[{&quot;key&quot;:&quot;custom_field_name&quot;,&quot;compare&quot;:&quot;=&quot;,&quot;value&quot;:&quot;&quot;}],&quot;orderby&quot;:&quot;date&quot;,&quot;orderby_custom_field&quot;:&quot;&quot;,&quot;orderby_custom_type&quot;:0,&quot;order_invert&quot;:0,&quot;show_all&quot;:&quot;1&quot;,&quot;quantity&quot;:&quot;12&quot;,&quot;posts_per_archive_page&quot;:0,&quot;no_items_action&quot;:&quot;message&quot;,&quot;no_items_message&quot;:&quot;No results found.&quot;,&quot;no_items_page_block&quot;:&quot;&quot;,&quot;pagination&quot;:&quot;load_on_scroll&quot;,&quot;pagination_style&quot;:&quot;&quot;,&quot;pagination_btn_text&quot;:&quot;Load More&quot;,&quot;pagination_btn_size&quot;:&quot;&quot;,&quot;pagination_btn_style&quot;:&quot;1&quot;,&quot;pagination_btn_fullwidth&quot;:0,&quot;items_layout&quot;:&quot;portfolio_9&quot;,&quot;type&quot;:&quot;grid&quot;,&quot;items_valign&quot;:0,&quot;ignore_items_size&quot;:0,&quot;columns&quot;:&quot;3&quot;,&quot;items_gap&quot;:&quot;0.3rem&quot;,&quot;load_animation&quot;:&quot;afb&quot;,&quot;items_preload_style&quot;:&quot;spinner&quot;,&quot;img_size&quot;:&quot;default&quot;,&quot;title_size&quot;:&quot;&quot;,&quot;items_ratio&quot;:&quot;default&quot;,&quot;items_ratio_width&quot;:&quot;21&quot;,&quot;items_ratio_height&quot;:&quot;9&quot;,&quot;overriding_link&quot;:&quot;%7B%22type%22%3A%22post%22%7D&quot;,&quot;popup_page_template&quot;:&quot;0&quot;,&quot;popup_width&quot;:&quot;&quot;,&quot;popup_arrows&quot;:1,&quot;breakpoint_1_width&quot;:&quot;1121px&quot;,&quot;breakpoint_1_cols&quot;:&quot;default&quot;,&quot;breakpoint_1_quantity&quot;:&quot;&quot;,&quot;breakpoint_1_gap&quot;:&quot;&quot;,&quot;breakpoint_2_width&quot;:&quot;1025px&quot;,&quot;breakpoint_2_cols&quot;:&quot;2&quot;,&quot;breakpoint_2_quantity&quot;:&quot;&quot;,&quot;breakpoint_2_gap&quot;:&quot;&quot;,&quot;breakpoint_3_width&quot;:&quot;601px&quot;,&quot;breakpoint_3_cols&quot;:&quot;1&quot;,&quot;breakpoint_3_quantity&quot;:&quot;&quot;,&quot;breakpoint_3_gap&quot;:&quot;&quot;,&quot;conditions_operator&quot;:&quot;always&quot;,&quot;conditions&quot;:[],&quot;css&quot;:null,&quot;el_class&quot;:&quot;&quot;,&quot;el_id&quot;:&quot;&quot;,&quot;enable_custom_html_atts&quot;:0,&quot;custom_html_atts&quot;:null,&quot;hide_on_states&quot;:&quot;&quot;,&quot;hide_for_sticky&quot;:0,&quot;hide_for_not_sticky&quot;:0,&quot;hide_below&quot;:&quot;0px&quot;,&quot;hide_above&quot;:&quot;0px&quot;,&quot;classes&quot;:&quot;&quot;}},&quot;facetedFilter&quot;:[]}'><\/div><\/div><div class=\"w-grid-none type_message\">No results found.<\/div><div class=\"w-separator size_custom\" style=\"height:64px\"><\/div><\/div><\/div><\/div><\/div><\/div><\/section>\n","protected":false},"excerpt":{"rendered":"Specialized Consulting &#8211; Environmental Solutions[vc_custom_heading text=\"The new global context, governed by restrictions on greenhouse gas emissions, presents new challenges to organizations. At ProSustentia, we provide guidance to these organizations in defining the best strategy to address these challenges\" font_container=\"tag:h3|text_align:left\" use_theme_fonts=\"yes\"][vc_custom_heading text=\"Climate change\" font_container=\"tag:h3|text_align:left\" use_theme_fonts=\"yes\" css=\"%7B%22default%22%3A%7B%22color%22%3A%22_content_link%22%7D%7D\"] Development and Management of Mitigation Project Portfolio for Investors (identification...","protected":false},"author":3,"featured_media":2496,"parent":0,"menu_order":0,"comment_status":"closed","ping_status":"closed","template":"","meta":{"footnotes":""},"class_list":["post-1523","page","type-page","status-publish","has-post-thumbnail","hentry"],"yoast_head":"<!-- This site is optimized with the Yoast SEO plugin v27.0 - https:\/\/yoast.com\/product\/yoast-seo-wordpress\/ -->\n<title>Specialized Consulting - Environmental Solutions - Pro Sustentia<\/title>\n<meta name=\"description\" content=\"Face global constraints. We advise you with Specific Consulting and Sustainable Solutions to empower your organization.\" \/>\n<meta name=\"robots\" content=\"index, follow, max-snippet:-1, max-image-preview:large, max-video-preview:-1\" \/>\n<link rel=\"canonical\" href=\"https:\/\/prosustentia.com\/en\/specific-consultancy-services-sustainable-solutions\/\" \/>\n<meta property=\"og:locale\" content=\"en_US\" \/>\n<meta property=\"og:type\" content=\"article\" \/>\n<meta property=\"og:title\" content=\"Specialized Consulting - Environmental Solutions - Pro Sustentia\" \/>\n<meta property=\"og:description\" content=\"Face global constraints. We advise you with Specific Consulting and Sustainable Solutions to empower your organization.\" \/>\n<meta property=\"og:url\" content=\"https:\/\/prosustentia.com\/en\/specific-consultancy-services-sustainable-solutions\/\" \/>\n<meta property=\"og:site_name\" content=\"Pro Sustentia\" \/>\n<meta property=\"article:modified_time\" content=\"2025-12-16T14:41:22+00:00\" \/>\n<meta property=\"og:image\" content=\"https:\/\/prosustentia.com\/wp-content\/uploads\/2025\/10\/Imagen-de-WhatsApp-2025-10-31-a-las-11.39.50_a59ac0e6.jpg\" \/>\n\t<meta property=\"og:image:width\" content=\"960\" \/>\n\t<meta property=\"og:image:height\" content=\"1280\" \/>\n\t<meta property=\"og:image:type\" content=\"image\/jpeg\" \/>\n<meta name=\"twitter:card\" content=\"summary_large_image\" \/>\n<meta name=\"twitter:label1\" content=\"Est. reading time\" \/>\n\t<meta name=\"twitter:data1\" content=\"2 minutes\" \/>\n<script type=\"application\/ld+json\" class=\"yoast-schema-graph\">{\"@context\":\"https:\/\/schema.org\",\"@graph\":[{\"@type\":\"WebPage\",\"@id\":\"https:\/\/prosustentia.com\/en\/specific-consultancy-services-sustainable-solutions\/\",\"url\":\"https:\/\/prosustentia.com\/en\/specific-consultancy-services-sustainable-solutions\/\",\"name\":\"Specialized Consulting - Environmental Solutions - Pro Sustentia\",\"isPartOf\":{\"@id\":\"https:\/\/prosustentia.com\/en\/#website\"},\"primaryImageOfPage\":{\"@id\":\"https:\/\/prosustentia.com\/en\/specific-consultancy-services-sustainable-solutions\/#primaryimage\"},\"image\":{\"@id\":\"https:\/\/prosustentia.com\/en\/specific-consultancy-services-sustainable-solutions\/#primaryimage\"},\"thumbnailUrl\":\"https:\/\/prosustentia.com\/wp-content\/uploads\/2025\/10\/Imagen-de-WhatsApp-2025-10-31-a-las-11.39.50_a59ac0e6.jpg\",\"datePublished\":\"2024-03-12T15:16:58+00:00\",\"dateModified\":\"2025-12-16T14:41:22+00:00\",\"description\":\"Face global constraints. We advise you with Specific Consulting and Sustainable Solutions to empower your organization.\",\"breadcrumb\":{\"@id\":\"https:\/\/prosustentia.com\/en\/specific-consultancy-services-sustainable-solutions\/#breadcrumb\"},\"inLanguage\":\"en-US\",\"potentialAction\":[{\"@type\":\"ReadAction\",\"target\":[\"https:\/\/prosustentia.com\/en\/specific-consultancy-services-sustainable-solutions\/\"]}]},{\"@type\":\"ImageObject\",\"inLanguage\":\"en-US\",\"@id\":\"https:\/\/prosustentia.com\/en\/specific-consultancy-services-sustainable-solutions\/#primaryimage\",\"url\":\"https:\/\/prosustentia.com\/wp-content\/uploads\/2025\/10\/Imagen-de-WhatsApp-2025-10-31-a-las-11.39.50_a59ac0e6.jpg\",\"contentUrl\":\"https:\/\/prosustentia.com\/wp-content\/uploads\/2025\/10\/Imagen-de-WhatsApp-2025-10-31-a-las-11.39.50_a59ac0e6.jpg\",\"width\":960,\"height\":1280,\"caption\":\"Enfrent\u00e1 las restricciones globales. Te asesoramos con Consultor\u00edas Espec\u00edficas y Soluciones sustentables para potenciar tu organizaci\u00f3n.\"},{\"@type\":\"BreadcrumbList\",\"@id\":\"https:\/\/prosustentia.com\/en\/specific-consultancy-services-sustainable-solutions\/#breadcrumb\",\"itemListElement\":[{\"@type\":\"ListItem\",\"position\":1,\"name\":\"Portada\",\"item\":\"https:\/\/prosustentia.com\/en\/home\/\"},{\"@type\":\"ListItem\",\"position\":2,\"name\":\"Specialized Consulting &#8211; Environmental Solutions\"}]},{\"@type\":\"WebSite\",\"@id\":\"https:\/\/prosustentia.com\/en\/#website\",\"url\":\"https:\/\/prosustentia.com\/en\/\",\"name\":\"Pro Sustentia\",\"description\":\"Gesti\u00f3n de Proyectos Sustentables\",\"potentialAction\":[{\"@type\":\"SearchAction\",\"target\":{\"@type\":\"EntryPoint\",\"urlTemplate\":\"https:\/\/prosustentia.com\/en\/?s={search_term_string}\"},\"query-input\":{\"@type\":\"PropertyValueSpecification\",\"valueRequired\":true,\"valueName\":\"search_term_string\"}}],\"inLanguage\":\"en-US\"}]}<\/script>\n<!-- \/ Yoast SEO plugin. -->","yoast_head_json":{"title":"Specialized Consulting - Environmental Solutions - Pro Sustentia","description":"Face global constraints. We advise you with Specific Consulting and Sustainable Solutions to empower your organization.","robots":{"index":"index","follow":"follow","max-snippet":"max-snippet:-1","max-image-preview":"max-image-preview:large","max-video-preview":"max-video-preview:-1"},"canonical":"https:\/\/prosustentia.com\/en\/specific-consultancy-services-sustainable-solutions\/","og_locale":"en_US","og_type":"article","og_title":"Specialized Consulting - Environmental Solutions - Pro Sustentia","og_description":"Face global constraints. We advise you with Specific Consulting and Sustainable Solutions to empower your organization.","og_url":"https:\/\/prosustentia.com\/en\/specific-consultancy-services-sustainable-solutions\/","og_site_name":"Pro Sustentia","article_modified_time":"2025-12-16T14:41:22+00:00","og_image":[{"width":960,"height":1280,"url":"https:\/\/prosustentia.com\/wp-content\/uploads\/2025\/10\/Imagen-de-WhatsApp-2025-10-31-a-las-11.39.50_a59ac0e6.jpg","type":"image\/jpeg"}],"twitter_card":"summary_large_image","twitter_misc":{"Est. reading time":"2 minutes"},"schema":{"@context":"https:\/\/schema.org","@graph":[{"@type":"WebPage","@id":"https:\/\/prosustentia.com\/en\/specific-consultancy-services-sustainable-solutions\/","url":"https:\/\/prosustentia.com\/en\/specific-consultancy-services-sustainable-solutions\/","name":"Specialized Consulting - Environmental Solutions - Pro Sustentia","isPartOf":{"@id":"https:\/\/prosustentia.com\/en\/#website"},"primaryImageOfPage":{"@id":"https:\/\/prosustentia.com\/en\/specific-consultancy-services-sustainable-solutions\/#primaryimage"},"image":{"@id":"https:\/\/prosustentia.com\/en\/specific-consultancy-services-sustainable-solutions\/#primaryimage"},"thumbnailUrl":"https:\/\/prosustentia.com\/wp-content\/uploads\/2025\/10\/Imagen-de-WhatsApp-2025-10-31-a-las-11.39.50_a59ac0e6.jpg","datePublished":"2024-03-12T15:16:58+00:00","dateModified":"2025-12-16T14:41:22+00:00","description":"Face global constraints. We advise you with Specific Consulting and Sustainable Solutions to empower your organization.","breadcrumb":{"@id":"https:\/\/prosustentia.com\/en\/specific-consultancy-services-sustainable-solutions\/#breadcrumb"},"inLanguage":"en-US","potentialAction":[{"@type":"ReadAction","target":["https:\/\/prosustentia.com\/en\/specific-consultancy-services-sustainable-solutions\/"]}]},{"@type":"ImageObject","inLanguage":"en-US","@id":"https:\/\/prosustentia.com\/en\/specific-consultancy-services-sustainable-solutions\/#primaryimage","url":"https:\/\/prosustentia.com\/wp-content\/uploads\/2025\/10\/Imagen-de-WhatsApp-2025-10-31-a-las-11.39.50_a59ac0e6.jpg","contentUrl":"https:\/\/prosustentia.com\/wp-content\/uploads\/2025\/10\/Imagen-de-WhatsApp-2025-10-31-a-las-11.39.50_a59ac0e6.jpg","width":960,"height":1280,"caption":"Enfrent\u00e1 las restricciones globales. Te asesoramos con Consultor\u00edas Espec\u00edficas y Soluciones sustentables para potenciar tu organizaci\u00f3n."},{"@type":"BreadcrumbList","@id":"https:\/\/prosustentia.com\/en\/specific-consultancy-services-sustainable-solutions\/#breadcrumb","itemListElement":[{"@type":"ListItem","position":1,"name":"Portada","item":"https:\/\/prosustentia.com\/en\/home\/"},{"@type":"ListItem","position":2,"name":"Specialized Consulting &#8211; Environmental Solutions"}]},{"@type":"WebSite","@id":"https:\/\/prosustentia.com\/en\/#website","url":"https:\/\/prosustentia.com\/en\/","name":"Pro Sustentia","description":"Gesti\u00f3n de Proyectos Sustentables","potentialAction":[{"@type":"SearchAction","target":{"@type":"EntryPoint","urlTemplate":"https:\/\/prosustentia.com\/en\/?s={search_term_string}"},"query-input":{"@type":"PropertyValueSpecification","valueRequired":true,"valueName":"search_term_string"}}],"inLanguage":"en-US"}]}},"_links":{"self":[{"href":"https:\/\/prosustentia.com\/en\/wp-json\/wp\/v2\/pages\/1523","targetHints":{"allow":["GET"]}}],"collection":[{"href":"https:\/\/prosustentia.com\/en\/wp-json\/wp\/v2\/pages"}],"about":[{"href":"https:\/\/prosustentia.com\/en\/wp-json\/wp\/v2\/types\/page"}],"author":[{"embeddable":true,"href":"https:\/\/prosustentia.com\/en\/wp-json\/wp\/v2\/users\/3"}],"replies":[{"embeddable":true,"href":"https:\/\/prosustentia.com\/en\/wp-json\/wp\/v2\/comments?post=1523"}],"version-history":[{"count":9,"href":"https:\/\/prosustentia.com\/en\/wp-json\/wp\/v2\/pages\/1523\/revisions"}],"predecessor-version":[{"id":2784,"href":"https:\/\/prosustentia.com\/en\/wp-json\/wp\/v2\/pages\/1523\/revisions\/2784"}],"wp:featuredmedia":[{"embeddable":true,"href":"https:\/\/prosustentia.com\/en\/wp-json\/wp\/v2\/media\/2496"}],"wp:attachment":[{"href":"https:\/\/prosustentia.com\/en\/wp-json\/wp\/v2\/media?parent=1523"}],"curies":[{"name":"wp","href":"https:\/\/api.w.org\/{rel}","templated":true}]}}