{"id":1520,"date":"2024-03-12T12:13:43","date_gmt":"2024-03-12T15:13:43","guid":{"rendered":"https:\/\/prosustentia.com\/decarbonization-strategy-and-carbon-footprint\/"},"modified":"2025-12-16T11:37:33","modified_gmt":"2025-12-16T14:37:33","slug":"decarbonization-strategy-and-carbon-footprint","status":"publish","type":"page","link":"https:\/\/prosustentia.com\/en\/decarbonization-strategy-and-carbon-footprint\/","title":{"rendered":"Decarbonization Strategy and Carbon Footprint"},"content":{"rendered":"<section class=\"l-section wpb_row height_huge color_primary with_img parallax_ver\"><div class=\"l-section-img\" role=\"img\" aria-label=\"Image\" data-img-width=\"1920\" data-img-height=\"900\" style=\"background-image: url(https:\/\/prosustentia.com\/wp-content\/uploads\/2021\/10\/prosustentia_estrategia_accion_climatica_bg.jpg);background-repeat: no-repeat;\"><\/div><div class=\"l-section-overlay\" style=\"background:rgba(45,91,86,0.70)\"><\/div><div class=\"l-section-h i-cf\"><div class=\"g-cols vc_row via_flex valign_top type_default stacking_default\"><div class=\"vc_col-sm-9 wpb_column vc_column_container\"><div class=\"vc_column-inner\"><div class=\"wpb_wrapper\"><h1 class=\"w-post-elm post_title us_custom_8b3d6790 has_text_color entry-title color_link_inherit\">Decarbonization Strategy and Carbon Footprint<\/h1><\/div><\/div><\/div><div class=\"vc_col-sm-3 wpb_column vc_column_container\"><div class=\"vc_column-inner\"><div class=\"wpb_wrapper\"><\/div><\/div><\/div><\/div><\/div><\/section><section class=\"l-section wpb_row us_custom_a86b3577 height_medium\"><div class=\"l-section-h i-cf\"><div class=\"g-cols vc_row via_flex valign_top type_default stacking_default\"><div class=\"vc_col-sm-12 wpb_column vc_column_container\"><div class=\"vc_column-inner\"><div class=\"wpb_wrapper\">[vc_custom_heading text=&#8221;The Decarbonization Strategy outlines why, how, and when to implement a Climate Action Plan to reduce emissions. It applies to both the private and corporate sector, as well as to the public or governmental sector. One of its primary tools is the Carbon Footprint or Greenhouse Gas Inventory, which establishes the baseline of the strategy.&#8221; font_container=&#8221;tag:h3|text_align:left&#8221; use_theme_fonts=&#8221;yes&#8221;]<\/div><\/div><\/div><\/div><\/div><\/section><section class=\"l-section wpb_row us_custom_a86b3577 height_medium color_alternate\"><div class=\"l-section-h i-cf\"><div class=\"g-cols vc_row via_flex valign_middle type_default stacking_default\"><div class=\"vc_col-sm-2\/5 wpb_column vc_column_container\"><div class=\"vc_column-inner\"><div class=\"wpb_wrapper\">[vc_custom_heading text=&#8221;The Decarbonization Strategy defines:&#8221; font_container=&#8221;tag:h3|text_align:left&#8221; use_theme_fonts=&#8221;yes&#8221;]<div class=\"wpb_text_column us_custom_0f088a09 has_text_color\"><div class=\"wpb_wrapper\"><ul>\n<li style=\"font-weight: 400;\" aria-level=\"1\"><span style=\"font-weight: 400;\">The drivers that lead to the development of a decarbonization plan (market, regulations, financing, stakeholders, etc.) <\/span><\/li>\n<li style=\"font-weight: 400;\" aria-level=\"1\"><span style=\"font-weight: 400;\">The scope of the analysis<\/span><\/li>\n<li style=\"font-weight: 400;\" aria-level=\"1\"><span style=\"font-weight: 400;\">The short, medium, and long-term mitigation goals <\/span><\/li>\n<li style=\"font-weight: 400;\" aria-level=\"1\"><span style=\"font-weight: 400;\">The potential for carbon footprint or carbon neutrality certification. <\/span><\/li>\n<li style=\"font-weight: 400;\" aria-level=\"1\"><span style=\"font-weight: 400;\">The targeted stakeholders and communication strategy. <\/span><\/li>\n<li style=\"font-weight: 400;\" aria-level=\"1\"><span style=\"font-weight: 400;\">among other. <\/span><\/li>\n<\/ul>\n<\/div><\/div><\/div><\/div><\/div><div class=\"vc_col-sm-3\/5 wpb_column vc_column_container\"><div class=\"vc_column-inner\"><div class=\"wpb_wrapper\"><div class=\"w-image us_custom_b4a84fba align_center\"><div class=\"w-image-h\"><img decoding=\"async\" src=\"https:\/\/prosustentia.com\/wp-content\/uploads\/2024\/03\/prosustentia_graphic-1.svg\" class=\"attachment-full size-full\" alt=\"\" loading=\"lazy\" \/><\/div><\/div><\/div><\/div><\/div><\/div><\/div><\/section><section class=\"l-section wpb_row us_custom_316368c8 height_medium\"><div class=\"l-section-h i-cf\"><div class=\"g-cols vc_row via_flex valign_top type_default stacking_default\"><div class=\"vc_col-sm-12 wpb_column vc_column_container\"><div class=\"vc_column-inner\"><div class=\"wpb_wrapper\">[vc_custom_heading text=&#8221;ProSustentia assists all types of organizations (companies, governments, events, etc.) throughout all stages of the Decarbonization Strategy:&#8221; font_container=&#8221;tag:h3|text_align:left&#8221; use_theme_fonts=&#8221;yes&#8221; css=&#8221;%7B%22default%22%3A%7B%22color%22%3A%22_content_heading%22%7D%7D&#8221;]<\/div><\/div><\/div><\/div><\/div><\/section><section class=\"l-section wpb_row us_custom_a86b3577 height_medium\"><div class=\"l-section-h i-cf\"><div class=\"g-cols vc_row via_flex valign_top type_default stacking_default\"><div class=\"vc_col-sm-6 wpb_column vc_column_container\"><div class=\"vc_column-inner\"><div class=\"wpb_wrapper\">[vc_custom_heading text=&#8221;Baseline assessment&#8221; font_container=&#8221;tag:h4|text_align:left&#8221; use_theme_fonts=&#8221;yes&#8221; css=&#8221;%7B%22default%22%3A%7B%22color%22%3A%22_content_link%22%7D%7D&#8221;]<div class=\"wpb_text_column us_custom_0f088a09 has_text_color\"><div class=\"wpb_wrapper\"><p>GHG emissions critical points in the organization and\/or processes are identified, along with the mitigation actions already implemented, and the risks and opportunities of implementing a decarbonization strategy based on the regulatory, institutional, and market framework.<\/p>\n<\/div><\/div><div class=\"w-separator size_small with_line width_default thick_1 style_solid color_border align_center\"><div class=\"w-separator-h\"><\/div><\/div>[vc_custom_heading text=&#8221;Action plan definition&#8221; font_container=&#8221;tag:h4|text_align:left&#8221; use_theme_fonts=&#8221;yes&#8221; css=&#8221;%7B%22default%22%3A%7B%22color%22%3A%22_content_link%22%7D%7D&#8221;]<div class=\"wpb_text_column us_custom_0f088a09 has_text_color\"><div class=\"wpb_wrapper\"><p>Based on the Carbon Footprint outcome, the actions to reduce or offset emissions are defined.<\/p>\n<ul>\n<li><b>Emission Reduction<\/b>: potential internal emission reductions (energy efficiency, transportation, products, etc.) are identified, and an emissions reduction program is designed and implemented.<\/li>\n<li><b>Remaining Emission Offsetting<br \/>\n<\/b>1. The degree of offsetting is defined: partial or total (Carbon Neutrality).<br \/>\n2. The use of <b>carbon credits (VERs or CERs)<\/b> or <b>investment in emissions<\/b> reduction projects (forestry, renewable energy, etc.) is determined.<\/li>\n<\/ul>\n<\/div><\/div><\/div><\/div><\/div><div class=\"vc_col-sm-6 wpb_column vc_column_container\"><div class=\"vc_column-inner\"><div class=\"wpb_wrapper\">[vc_custom_heading text=&#8221;Carbon footprint calculation&#8221; font_container=&#8221;tag:h4|text_align:left&#8221; use_theme_fonts=&#8221;yes&#8221; css=&#8221;%7B%22default%22%3A%7B%22color%22%3A%22_content_link%22%7D%7D&#8221;]<div class=\"wpb_text_column us_custom_0f088a09 has_text_color\"><div class=\"wpb_wrapper\"><p>Based on the selected standard (GHG Protocol, ISO, PAS, or other) the Carbon Footprint calculation is developed following a rigorous process of data collection and analysis<\/p>\n<\/div><\/div><div class=\"g-cols wpb_row via_flex valign_middle type_default stacking_default\"><div class=\"vc_col-sm-4 vc_col-xs-4 wpb_column vc_column_container\"><div class=\"vc_column-inner\"><div class=\"wpb_wrapper\"><div class=\"w-image align_none\"><div class=\"w-image-h\"><img decoding=\"async\" width=\"900\" height=\"900\" src=\"https:\/\/prosustentia.com\/wp-content\/uploads\/2021\/10\/green_house_protocol.png\" class=\"attachment-large size-large\" alt=\"\" loading=\"lazy\" srcset=\"https:\/\/prosustentia.com\/wp-content\/uploads\/2021\/10\/green_house_protocol.png 900w, https:\/\/prosustentia.com\/wp-content\/uploads\/2021\/10\/green_house_protocol-300x300.png 300w, https:\/\/prosustentia.com\/wp-content\/uploads\/2021\/10\/green_house_protocol-150x150.png 150w\" sizes=\"auto, (max-width: 900px) 100vw, 900px\" \/><\/div><\/div><\/div><\/div><\/div><div class=\"vc_col-sm-4 vc_col-xs-4 wpb_column vc_column_container\"><div class=\"vc_column-inner\"><div class=\"wpb_wrapper\"><div class=\"w-image us_custom_1db4e275 align_none\"><div class=\"w-image-h\"><img decoding=\"async\" width=\"600\" height=\"673\" src=\"https:\/\/prosustentia.com\/wp-content\/uploads\/2021\/10\/prosustentia_iso_logo.png\" class=\"attachment-large size-large\" alt=\"\" loading=\"lazy\" srcset=\"https:\/\/prosustentia.com\/wp-content\/uploads\/2021\/10\/prosustentia_iso_logo.png 600w, https:\/\/prosustentia.com\/wp-content\/uploads\/2021\/10\/prosustentia_iso_logo-267x300.png 267w\" sizes=\"auto, (max-width: 600px) 100vw, 600px\" \/><\/div><\/div><\/div><\/div><\/div><div class=\"vc_col-sm-4 vc_col-xs-4 wpb_column vc_column_container\"><div class=\"vc_column-inner\"><div class=\"wpb_wrapper\"><div class=\"w-image us_custom_7f2fcfa5 align_none\"><div class=\"w-image-h\"><img decoding=\"async\" width=\"600\" height=\"368\" src=\"https:\/\/prosustentia.com\/wp-content\/uploads\/2021\/10\/prosustentia_bsi_logo.png\" class=\"attachment-large size-large\" alt=\"\" loading=\"lazy\" srcset=\"https:\/\/prosustentia.com\/wp-content\/uploads\/2021\/10\/prosustentia_bsi_logo.png 600w, https:\/\/prosustentia.com\/wp-content\/uploads\/2021\/10\/prosustentia_bsi_logo-300x184.png 300w\" sizes=\"auto, (max-width: 600px) 100vw, 600px\" \/><\/div><\/div><\/div><\/div><\/div><\/div><div class=\"w-separator size_medium with_line width_default thick_1 style_solid color_border align_center\"><div class=\"w-separator-h\"><\/div><\/div>[vc_custom_heading text=&#8221;Reporting and communication&#8221; font_container=&#8221;tag:h4|text_align:left&#8221; use_theme_fonts=&#8221;yes&#8221; css=&#8221;%7B%22default%22%3A%7B%22color%22%3A%22_content_link%22%7D%7D&#8221;]<div class=\"wpb_text_column us_custom_0f088a09 has_text_color\"><div class=\"wpb_wrapper\"><p>The decarbonization strategy developed and its action plan are communicated internally and externally throughout the entire cycle. The possibility of voluntary reporting on platforms such as the Global Compact, CDP, SBTi, or GRI is determined.<\/p>\n<\/div><\/div><div class=\"g-cols wpb_row via_flex valign_middle type_default stacking_default\"><div class=\"vc_col-sm-4 vc_col-xs-4 wpb_column vc_column_container\"><div class=\"vc_column-inner\"><div class=\"wpb_wrapper\"><div class=\"w-image us_custom_5df1fb81 align_none\"><div class=\"w-image-h\"><img decoding=\"async\" width=\"406\" height=\"427\" src=\"https:\/\/prosustentia.com\/wp-content\/uploads\/2021\/10\/prosustentia_gri_logo_web.png\" class=\"attachment-large size-large\" alt=\"\" loading=\"lazy\" srcset=\"https:\/\/prosustentia.com\/wp-content\/uploads\/2021\/10\/prosustentia_gri_logo_web.png 406w, https:\/\/prosustentia.com\/wp-content\/uploads\/2021\/10\/prosustentia_gri_logo_web-285x300.png 285w\" sizes=\"auto, (max-width: 406px) 100vw, 406px\" \/><\/div><\/div><\/div><\/div><\/div><div class=\"vc_col-sm-4 vc_col-xs-4 wpb_column vc_column_container\"><div class=\"vc_column-inner\"><div class=\"wpb_wrapper\"><div class=\"w-image us_custom_60c7e42d align_none\"><div class=\"w-image-h\"><img decoding=\"async\" width=\"564\" height=\"230\" src=\"https:\/\/prosustentia.com\/wp-content\/uploads\/2021\/10\/prosustentia_cdp_logo.png\" class=\"attachment-large size-large\" alt=\"\" loading=\"lazy\" srcset=\"https:\/\/prosustentia.com\/wp-content\/uploads\/2021\/10\/prosustentia_cdp_logo.png 564w, https:\/\/prosustentia.com\/wp-content\/uploads\/2021\/10\/prosustentia_cdp_logo-300x122.png 300w\" sizes=\"auto, (max-width: 564px) 100vw, 564px\" \/><\/div><\/div><\/div><\/div><\/div><div class=\"vc_col-sm-4 vc_col-xs-4 wpb_column vc_column_container\"><div class=\"vc_column-inner\"><div class=\"wpb_wrapper\"><div class=\"w-image us_custom_009b5166 align_none\"><div class=\"w-image-h\"><img decoding=\"async\" width=\"600\" height=\"323\" src=\"https:\/\/prosustentia.com\/wp-content\/uploads\/2021\/10\/prosustentia_sbt_logo.png\" class=\"attachment-large size-large\" alt=\"\" loading=\"lazy\" srcset=\"https:\/\/prosustentia.com\/wp-content\/uploads\/2021\/10\/prosustentia_sbt_logo.png 600w, https:\/\/prosustentia.com\/wp-content\/uploads\/2021\/10\/prosustentia_sbt_logo-300x162.png 300w\" sizes=\"auto, (max-width: 600px) 100vw, 600px\" \/><\/div><\/div><\/div><\/div><\/div><\/div><\/div><\/div><\/div><\/div><\/div><\/section>\n","protected":false},"excerpt":{"rendered":"Decarbonization Strategy and Carbon Footprint[vc_custom_heading text=\"The Decarbonization Strategy outlines why, how, and when to implement a Climate Action Plan to reduce emissions. It applies to both the private and corporate sector, as well as to the public or governmental sector. One of its primary tools is the Carbon Footprint or Greenhouse Gas Inventory, which establishes...","protected":false},"author":3,"featured_media":1310,"parent":0,"menu_order":0,"comment_status":"closed","ping_status":"closed","template":"","meta":{"footnotes":""},"class_list":["post-1520","page","type-page","status-publish","has-post-thumbnail","hentry"],"yoast_head":"<!-- This site is optimized with the Yoast SEO plugin v27.0 - https:\/\/yoast.com\/product\/yoast-seo-wordpress\/ -->\n<title>Decarbonization Strategy and Carbon Footprint - Pro Sustentia<\/title>\n<meta name=\"description\" content=\"A Decarbonization Strategy defines how to reduce emissions. It uses the Carbon Footprint to define the baseline of your plan.\" \/>\n<meta name=\"robots\" content=\"index, follow, max-snippet:-1, max-image-preview:large, max-video-preview:-1\" \/>\n<link rel=\"canonical\" href=\"https:\/\/prosustentia.com\/en\/decarbonization-strategy-and-carbon-footprint\/\" \/>\n<meta property=\"og:locale\" content=\"en_US\" \/>\n<meta property=\"og:type\" content=\"article\" \/>\n<meta property=\"og:title\" content=\"Decarbonization Strategy and Carbon Footprint - Pro Sustentia\" \/>\n<meta property=\"og:description\" content=\"A Decarbonization Strategy defines how to reduce emissions. It uses the Carbon Footprint to define the baseline of your plan.\" \/>\n<meta property=\"og:url\" content=\"https:\/\/prosustentia.com\/en\/decarbonization-strategy-and-carbon-footprint\/\" \/>\n<meta property=\"og:site_name\" content=\"Pro Sustentia\" \/>\n<meta property=\"article:modified_time\" content=\"2025-12-16T14:37:33+00:00\" \/>\n<meta property=\"og:image\" content=\"https:\/\/prosustentia.com\/wp-content\/uploads\/2021\/10\/prosustentia_carbono_neutralidad_00.jpg\" \/>\n\t<meta property=\"og:image:width\" content=\"1200\" \/>\n\t<meta property=\"og:image:height\" content=\"1200\" \/>\n\t<meta property=\"og:image:type\" content=\"image\/jpeg\" \/>\n<meta name=\"twitter:card\" content=\"summary_large_image\" \/>\n<meta name=\"twitter:label1\" content=\"Est. reading time\" \/>\n\t<meta name=\"twitter:data1\" content=\"5 minutes\" \/>\n<script type=\"application\/ld+json\" class=\"yoast-schema-graph\">{\"@context\":\"https:\/\/schema.org\",\"@graph\":[{\"@type\":\"WebPage\",\"@id\":\"https:\/\/prosustentia.com\/en\/decarbonization-strategy-and-carbon-footprint\/\",\"url\":\"https:\/\/prosustentia.com\/en\/decarbonization-strategy-and-carbon-footprint\/\",\"name\":\"Decarbonization Strategy and Carbon Footprint - Pro Sustentia\",\"isPartOf\":{\"@id\":\"https:\/\/prosustentia.com\/en\/#website\"},\"primaryImageOfPage\":{\"@id\":\"https:\/\/prosustentia.com\/en\/decarbonization-strategy-and-carbon-footprint\/#primaryimage\"},\"image\":{\"@id\":\"https:\/\/prosustentia.com\/en\/decarbonization-strategy-and-carbon-footprint\/#primaryimage\"},\"thumbnailUrl\":\"https:\/\/prosustentia.com\/wp-content\/uploads\/2021\/10\/prosustentia_carbono_neutralidad_00.jpg\",\"datePublished\":\"2024-03-12T15:13:43+00:00\",\"dateModified\":\"2025-12-16T14:37:33+00:00\",\"description\":\"A Decarbonization Strategy defines how to reduce emissions. It uses the Carbon Footprint to define the baseline of your plan.\",\"breadcrumb\":{\"@id\":\"https:\/\/prosustentia.com\/en\/decarbonization-strategy-and-carbon-footprint\/#breadcrumb\"},\"inLanguage\":\"en-US\",\"potentialAction\":[{\"@type\":\"ReadAction\",\"target\":[\"https:\/\/prosustentia.com\/en\/decarbonization-strategy-and-carbon-footprint\/\"]}]},{\"@type\":\"ImageObject\",\"inLanguage\":\"en-US\",\"@id\":\"https:\/\/prosustentia.com\/en\/decarbonization-strategy-and-carbon-footprint\/#primaryimage\",\"url\":\"https:\/\/prosustentia.com\/wp-content\/uploads\/2021\/10\/prosustentia_carbono_neutralidad_00.jpg\",\"contentUrl\":\"https:\/\/prosustentia.com\/wp-content\/uploads\/2021\/10\/prosustentia_carbono_neutralidad_00.jpg\",\"width\":1200,\"height\":1200,\"caption\":\"La Estrategia de Descarbonizaci\u00f3n define c\u00f3mo reducir emisiones. Usa la Huella de carbono para establecer la l\u00ednea base de tu plan.\"},{\"@type\":\"BreadcrumbList\",\"@id\":\"https:\/\/prosustentia.com\/en\/decarbonization-strategy-and-carbon-footprint\/#breadcrumb\",\"itemListElement\":[{\"@type\":\"ListItem\",\"position\":1,\"name\":\"Portada\",\"item\":\"https:\/\/prosustentia.com\/en\/home\/\"},{\"@type\":\"ListItem\",\"position\":2,\"name\":\"Decarbonization Strategy and Carbon Footprint\"}]},{\"@type\":\"WebSite\",\"@id\":\"https:\/\/prosustentia.com\/en\/#website\",\"url\":\"https:\/\/prosustentia.com\/en\/\",\"name\":\"Pro Sustentia\",\"description\":\"Gesti\u00f3n de Proyectos Sustentables\",\"potentialAction\":[{\"@type\":\"SearchAction\",\"target\":{\"@type\":\"EntryPoint\",\"urlTemplate\":\"https:\/\/prosustentia.com\/en\/?s={search_term_string}\"},\"query-input\":{\"@type\":\"PropertyValueSpecification\",\"valueRequired\":true,\"valueName\":\"search_term_string\"}}],\"inLanguage\":\"en-US\"}]}<\/script>\n<!-- \/ Yoast SEO plugin. -->","yoast_head_json":{"title":"Decarbonization Strategy and Carbon Footprint - Pro Sustentia","description":"A Decarbonization Strategy defines how to reduce emissions. It uses the Carbon Footprint to define the baseline of your plan.","robots":{"index":"index","follow":"follow","max-snippet":"max-snippet:-1","max-image-preview":"max-image-preview:large","max-video-preview":"max-video-preview:-1"},"canonical":"https:\/\/prosustentia.com\/en\/decarbonization-strategy-and-carbon-footprint\/","og_locale":"en_US","og_type":"article","og_title":"Decarbonization Strategy and Carbon Footprint - Pro Sustentia","og_description":"A Decarbonization Strategy defines how to reduce emissions. It uses the Carbon Footprint to define the baseline of your plan.","og_url":"https:\/\/prosustentia.com\/en\/decarbonization-strategy-and-carbon-footprint\/","og_site_name":"Pro Sustentia","article_modified_time":"2025-12-16T14:37:33+00:00","og_image":[{"width":1200,"height":1200,"url":"https:\/\/prosustentia.com\/wp-content\/uploads\/2021\/10\/prosustentia_carbono_neutralidad_00.jpg","type":"image\/jpeg"}],"twitter_card":"summary_large_image","twitter_misc":{"Est. reading time":"5 minutes"},"schema":{"@context":"https:\/\/schema.org","@graph":[{"@type":"WebPage","@id":"https:\/\/prosustentia.com\/en\/decarbonization-strategy-and-carbon-footprint\/","url":"https:\/\/prosustentia.com\/en\/decarbonization-strategy-and-carbon-footprint\/","name":"Decarbonization Strategy and Carbon Footprint - Pro Sustentia","isPartOf":{"@id":"https:\/\/prosustentia.com\/en\/#website"},"primaryImageOfPage":{"@id":"https:\/\/prosustentia.com\/en\/decarbonization-strategy-and-carbon-footprint\/#primaryimage"},"image":{"@id":"https:\/\/prosustentia.com\/en\/decarbonization-strategy-and-carbon-footprint\/#primaryimage"},"thumbnailUrl":"https:\/\/prosustentia.com\/wp-content\/uploads\/2021\/10\/prosustentia_carbono_neutralidad_00.jpg","datePublished":"2024-03-12T15:13:43+00:00","dateModified":"2025-12-16T14:37:33+00:00","description":"A Decarbonization Strategy defines how to reduce emissions. It uses the Carbon Footprint to define the baseline of your plan.","breadcrumb":{"@id":"https:\/\/prosustentia.com\/en\/decarbonization-strategy-and-carbon-footprint\/#breadcrumb"},"inLanguage":"en-US","potentialAction":[{"@type":"ReadAction","target":["https:\/\/prosustentia.com\/en\/decarbonization-strategy-and-carbon-footprint\/"]}]},{"@type":"ImageObject","inLanguage":"en-US","@id":"https:\/\/prosustentia.com\/en\/decarbonization-strategy-and-carbon-footprint\/#primaryimage","url":"https:\/\/prosustentia.com\/wp-content\/uploads\/2021\/10\/prosustentia_carbono_neutralidad_00.jpg","contentUrl":"https:\/\/prosustentia.com\/wp-content\/uploads\/2021\/10\/prosustentia_carbono_neutralidad_00.jpg","width":1200,"height":1200,"caption":"La Estrategia de Descarbonizaci\u00f3n define c\u00f3mo reducir emisiones. Usa la Huella de carbono para establecer la l\u00ednea base de tu plan."},{"@type":"BreadcrumbList","@id":"https:\/\/prosustentia.com\/en\/decarbonization-strategy-and-carbon-footprint\/#breadcrumb","itemListElement":[{"@type":"ListItem","position":1,"name":"Portada","item":"https:\/\/prosustentia.com\/en\/home\/"},{"@type":"ListItem","position":2,"name":"Decarbonization Strategy and Carbon Footprint"}]},{"@type":"WebSite","@id":"https:\/\/prosustentia.com\/en\/#website","url":"https:\/\/prosustentia.com\/en\/","name":"Pro Sustentia","description":"Gesti\u00f3n de Proyectos Sustentables","potentialAction":[{"@type":"SearchAction","target":{"@type":"EntryPoint","urlTemplate":"https:\/\/prosustentia.com\/en\/?s={search_term_string}"},"query-input":{"@type":"PropertyValueSpecification","valueRequired":true,"valueName":"search_term_string"}}],"inLanguage":"en-US"}]}},"_links":{"self":[{"href":"https:\/\/prosustentia.com\/en\/wp-json\/wp\/v2\/pages\/1520","targetHints":{"allow":["GET"]}}],"collection":[{"href":"https:\/\/prosustentia.com\/en\/wp-json\/wp\/v2\/pages"}],"about":[{"href":"https:\/\/prosustentia.com\/en\/wp-json\/wp\/v2\/types\/page"}],"author":[{"embeddable":true,"href":"https:\/\/prosustentia.com\/en\/wp-json\/wp\/v2\/users\/3"}],"replies":[{"embeddable":true,"href":"https:\/\/prosustentia.com\/en\/wp-json\/wp\/v2\/comments?post=1520"}],"version-history":[{"count":10,"href":"https:\/\/prosustentia.com\/en\/wp-json\/wp\/v2\/pages\/1520\/revisions"}],"predecessor-version":[{"id":2775,"href":"https:\/\/prosustentia.com\/en\/wp-json\/wp\/v2\/pages\/1520\/revisions\/2775"}],"wp:featuredmedia":[{"embeddable":true,"href":"https:\/\/prosustentia.com\/en\/wp-json\/wp\/v2\/media\/1310"}],"wp:attachment":[{"href":"https:\/\/prosustentia.com\/en\/wp-json\/wp\/v2\/media?parent=1520"}],"curies":[{"name":"wp","href":"https:\/\/api.w.org\/{rel}","templated":true}]}}